{"id":42,"date":"2023-07-21T15:21:06","date_gmt":"2023-07-21T13:21:06","guid":{"rendered":"http:\/\/mglift.local\/?page_id=42"},"modified":"2023-07-25T21:57:06","modified_gmt":"2023-07-25T19:57:06","slug":"zloz-zamowienie","status":"publish","type":"page","link":"https:\/\/mglift.pl\/index.php\/zloz-zamowienie\/","title":{"rendered":"Z\u0142\u00f3\u017c zam\u00f3wienie"},"content":{"rendered":"<style>.kb-row-layout-id_e72736-62 > .kt-row-column-wrap{align-content:start;}:where(.kb-row-layout-id_e72736-62 > .kt-row-column-wrap) > .wp-block-kadence-column{justify-content:start;}.kb-row-layout-id_e72736-62 > .kt-row-column-wrap{column-gap:var(--global-kb-gap-md, 2rem);row-gap:var(--global-kb-gap-md, 2rem);padding-top:var(--global-kb-spacing-4xl, 8rem);padding-bottom:var(--global-kb-spacing-4xl, 8rem);grid-template-columns:minmax(0, 1fr);}.kb-row-layout-id_e72736-62{background-image:url('https:\/\/mglift.pl\/wp-content\/uploads\/2023\/07\/36C0616D-8214-4ED7-8D7D-924EF0130C42.jpeg');background-size:cover;background-position:51% 74%;background-attachment:scroll;background-repeat:no-repeat;}.kb-row-layout-id_e72736-62 > .kt-row-layout-overlay{opacity:0.50;background-color:#000000;}@media all and (max-width: 1024px){.kb-row-layout-id_e72736-62 > .kt-row-column-wrap{grid-template-columns:minmax(0, 1fr);}}@media all and (max-width: 767px){.kb-row-layout-id_e72736-62 > .kt-row-column-wrap{grid-template-columns:minmax(0, 1fr);}}<\/style><div class=\"kb-row-layout-wrap kb-row-layout-id_e72736-62 alignnone kt-row-has-bg wp-block-kadence-rowlayout\"><div class=\"kt-row-layout-overlay kt-row-overlay-normal\"><\/div><div class=\"kt-row-column-wrap kt-has-1-columns kt-row-layout-equal kt-tab-layout-inherit kt-mobile-layout-row kt-row-valign-top\">\n<style>.kadence-column_d9dabe-81 > .kt-inside-inner-col,.kadence-column_d9dabe-81 > .kt-inside-inner-col:before{border-top-left-radius:0px;border-top-right-radius:0px;border-bottom-right-radius:0px;border-bottom-left-radius:0px;}.kadence-column_d9dabe-81 > .kt-inside-inner-col{column-gap:var(--global-kb-gap-sm, 1rem);}.kadence-column_d9dabe-81 > .kt-inside-inner-col{flex-direction:column;}.kadence-column_d9dabe-81 > .kt-inside-inner-col > .aligncenter{width:100%;}.kadence-column_d9dabe-81 > .kt-inside-inner-col:before{opacity:0.3;}.kadence-column_d9dabe-81{position:relative;}@media all and (max-width: 1024px){.kadence-column_d9dabe-81 > .kt-inside-inner-col{flex-direction:column;}}@media all and (max-width: 767px){.kadence-column_d9dabe-81 > .kt-inside-inner-col{flex-direction:column;}}<\/style>\n<div class=\"wp-block-kadence-column kadence-column_d9dabe-81\"><div class=\"kt-inside-inner-col\"><style>.wp-block-kadence-advancedheading.kt-adv-heading_86f197-2a, .wp-block-kadence-advancedheading.kt-adv-heading_86f197-2a[data-kb-block=\"kb-adv-heading_86f197-2a\"]{text-align:center;font-size:var(--global-kb-font-size-xl, 3rem);font-style:normal;}.wp-block-kadence-advancedheading.kt-adv-heading_86f197-2a mark.kt-highlight, .wp-block-kadence-advancedheading.kt-adv-heading_86f197-2a[data-kb-block=\"kb-adv-heading_86f197-2a\"] mark.kt-highlight{font-style:normal;color:#f76a0c;-webkit-box-decoration-break:clone;box-decoration-break:clone;padding-top:0px;padding-right:0px;padding-bottom:0px;padding-left:0px;}<\/style>\n<h2 class=\"kt-adv-heading_86f197-2a wp-block-kadence-advancedheading has-theme-palette-9-color has-text-color\" data-kb-block=\"kb-adv-heading_86f197-2a\">SK\u0141ADANIE ZAM\u00d3WIENIA<\/h2>\n<\/div><\/div>\n\n<\/div><\/div>\n\n<style>.kb-row-layout-id_8b2764-58 > .kt-row-column-wrap{align-content:start;}:where(.kb-row-layout-id_8b2764-58 > .kt-row-column-wrap) > .wp-block-kadence-column{justify-content:start;}.kb-row-layout-id_8b2764-58 > .kt-row-column-wrap{column-gap:var(--global-kb-gap-md, 2rem);row-gap:var(--global-kb-gap-md, 2rem);max-width:800px;margin-left:auto;margin-right:auto;padding-top:var(--global-kb-spacing-sm, 1.5rem);padding-bottom:var(--global-kb-spacing-sm, 1.5rem);grid-template-columns:minmax(0, 1fr);}.kb-row-layout-id_8b2764-58 > .kt-row-layout-overlay{opacity:0.30;}@media all and (max-width: 1024px){.kb-row-layout-id_8b2764-58 > .kt-row-column-wrap{grid-template-columns:minmax(0, 1fr);}}@media all and (max-width: 767px){.kb-row-layout-id_8b2764-58 > .kt-row-column-wrap{grid-template-columns:minmax(0, 1fr);}}<\/style><div class=\"kb-row-layout-wrap kb-row-layout-id_8b2764-58 aligncenter wp-block-kadence-rowlayout\"><div class=\"kt-row-column-wrap kt-has-1-columns kt-row-layout-equal kt-tab-layout-inherit kt-mobile-layout-row kt-row-valign-top\">\n<style>.kadence-column_d7bad2-27 > .kt-inside-inner-col,.kadence-column_d7bad2-27 > .kt-inside-inner-col:before{border-top-left-radius:0px;border-top-right-radius:0px;border-bottom-right-radius:0px;border-bottom-left-radius:0px;}.kadence-column_d7bad2-27 > .kt-inside-inner-col{column-gap:var(--global-kb-gap-sm, 1rem);}.kadence-column_d7bad2-27 > .kt-inside-inner-col{flex-direction:column;}.kadence-column_d7bad2-27 > .kt-inside-inner-col > .aligncenter{width:100%;}.kadence-column_d7bad2-27 > .kt-inside-inner-col:before{opacity:0.3;}.kadence-column_d7bad2-27{position:relative;}@media all and (max-width: 1024px){.kadence-column_d7bad2-27 > .kt-inside-inner-col{flex-direction:column;}}@media all and (max-width: 767px){.kadence-column_d7bad2-27 > .kt-inside-inner-col{flex-direction:column;}}<\/style>\n<div class=\"wp-block-kadence-column kadence-column_d7bad2-27\"><div class=\"kt-inside-inner-col\">\n<div class=\"wpcf7 no-js\" id=\"wpcf7-f43-o1\" lang=\"pl-PL\" dir=\"ltr\" data-wpcf7-id=\"43\">\n<div class=\"screen-reader-response\"><p role=\"status\" aria-live=\"polite\" aria-atomic=\"true\"><\/p> <ul><\/ul><\/div>\n<form action=\"\/index.php\/wp-json\/wp\/v2\/pages\/42#wpcf7-f43-o1\" method=\"post\" class=\"wpcf7-form init\" aria-label=\"Formularz kontaktowy\" enctype=\"multipart\/form-data\" novalidate=\"novalidate\" data-status=\"init\">\n<div style=\"display: none;\">\n<input type=\"hidden\" name=\"_wpcf7\" value=\"43\" \/>\n<input type=\"hidden\" name=\"_wpcf7_version\" value=\"6.0.3\" \/>\n<input type=\"hidden\" name=\"_wpcf7_locale\" value=\"pl_PL\" \/>\n<input type=\"hidden\" name=\"_wpcf7_unit_tag\" value=\"wpcf7-f43-o1\" \/>\n<input type=\"hidden\" name=\"_wpcf7_container_post\" value=\"0\" \/>\n<input type=\"hidden\" name=\"_wpcf7_posted_data_hash\" value=\"\" \/>\n<\/div>\n<style>\n.form {\nfont-family: 'Poppins', sans-serif;\nfont-weight: 600;\n}\nlabel {\n\n}\n<\/style>\n<div class=\"form\">\n\t<p><label style=\"top: 20px\"> Dane firmy<br \/>\n<span class=\"wpcf7-form-control-wrap\" data-name=\"your-dane\"><input size=\"40\" maxlength=\"400\" class=\"wpcf7-form-control wpcf7-text\" autocomplete=\"name\" aria-invalid=\"false\" value=\"\" type=\"text\" name=\"your-dane\" \/><\/span> <\/label>\n\t<\/p>\n\t<p><label style=\"top: 20px\"> Twoje imi\u0119 i nazwisko<br \/>\n<span class=\"wpcf7-form-control-wrap\" data-name=\"your-name\"><input size=\"40\" maxlength=\"400\" class=\"wpcf7-form-control wpcf7-text\" autocomplete=\"name\" aria-invalid=\"false\" value=\"\" type=\"text\" name=\"your-name\" \/><\/span> <\/label>\n\t<\/p>\n\t<p><label> Tw\u00f3j adres e-mail<br \/>\n<span class=\"wpcf7-form-control-wrap\" data-name=\"your-email\"><input size=\"40\" maxlength=\"400\" class=\"wpcf7-form-control wpcf7-email wpcf7-text wpcf7-validates-as-email\" autocomplete=\"email\" aria-invalid=\"false\" value=\"\" type=\"email\" name=\"your-email\" \/><\/span> <\/label>\n\t<\/p>\n\t<p><label> Telefon kontaktowy<br \/>\n<span class=\"wpcf7-form-control-wrap\" data-name=\"telefon\"><input size=\"40\" maxlength=\"400\" class=\"wpcf7-form-control wpcf7-tel wpcf7-text wpcf7-validates-as-tel\" aria-invalid=\"false\" value=\"\" type=\"tel\" name=\"telefon\" \/><\/span> <\/label>\n\t<\/p>\n\t<p><label> Lokalizacja inwestycji<br \/>\n<span class=\"wpcf7-form-control-wrap\" data-name=\"lokalizacja\"><input size=\"40\" maxlength=\"400\" class=\"wpcf7-form-control wpcf7-text\" aria-invalid=\"false\" value=\"\" type=\"text\" name=\"lokalizacja\" \/><\/span> <\/label>\n\t<\/p>\n\t<p><label> Szacowany czas<br \/>\n<span class=\"wpcf7-form-control-wrap\" data-name=\"czas\"><input size=\"40\" maxlength=\"400\" class=\"wpcf7-form-control wpcf7-text\" aria-invalid=\"false\" value=\"\" type=\"text\" name=\"czas\" \/><\/span> <\/label>\n\t<\/p>\n\t<p><label> Zdj\u0119cia<br \/>\n<span class=\"wpcf7-form-control-wrap\" data-name=\"zdjecia1\"><input size=\"40\" class=\"wpcf7-form-control wpcf7-file\" accept=\".jpg,.jpeg,.png\" aria-invalid=\"false\" type=\"file\" name=\"zdjecia1\" \/><\/span><br \/>\n<span class=\"wpcf7-form-control-wrap\" data-name=\"zdjecia2\"><input size=\"40\" class=\"wpcf7-form-control wpcf7-file\" accept=\".jpg,.jpeg,.png\" aria-invalid=\"false\" type=\"file\" name=\"zdjecia2\" \/><\/span><br \/>\n<span class=\"wpcf7-form-control-wrap\" data-name=\"zdjecia3\"><input size=\"40\" class=\"wpcf7-form-control wpcf7-file\" accept=\".jpg,.jpeg,.png\" aria-invalid=\"false\" type=\"file\" name=\"zdjecia3\" \/><\/span><\/label>\n\t<\/p>\n\t<p><label> Data zlecenia<br \/>\n<span class=\"wpcf7-form-control-wrap\" data-name=\"data\"><input class=\"wpcf7-form-control wpcf7-date wpcf7-validates-as-date\" aria-invalid=\"false\" value=\"\" type=\"date\" name=\"data\" \/><\/span> <\/label>\n\t<\/p>\n\t<p><label> Opis<br \/>\n<span class=\"wpcf7-form-control-wrap\" data-name=\"opis\"><input size=\"40\" maxlength=\"400\" class=\"wpcf7-form-control wpcf7-text\" aria-invalid=\"false\" value=\"\" type=\"text\" name=\"opis\" \/><\/span> <\/label>\n\t<\/p>\n\t<p><label> Potrzebny sprz\u0119t<br \/>\n<span class=\"wpcf7-form-control-wrap\" data-name=\"sprzet\"><input size=\"40\" maxlength=\"400\" class=\"wpcf7-form-control wpcf7-text\" aria-invalid=\"false\" value=\"\" type=\"text\" name=\"sprzet\" \/><\/span> <\/label>\n\t<\/p>\n\t<p><input class=\"wpcf7-form-control wpcf7-submit has-spinner\" type=\"submit\" value=\"Wy\u015blij\" \/>\n\t<\/p>\n<\/div><div class=\"wpcf7-response-output\" aria-hidden=\"true\"><\/div>\n<\/form>\n<\/div>\n\n<\/div><\/div>\n\n<\/div><\/div>","protected":false},"excerpt":{"rendered":"<p>SK\u0141ADANIE ZAM\u00d3WIENIA<\/p>\n","protected":false},"author":1,"featured_media":0,"parent":0,"menu_order":0,"comment_status":"closed","ping_status":"closed","template":"","meta":{"_kad_post_transparent":"","_kad_post_title":"","_kad_post_layout":"","_kad_post_sidebar_id":"","_kad_post_content_style":"","_kad_post_vertical_padding":"","_kad_post_feature":"","_kad_post_feature_position":"","_kad_post_header":false,"_kad_post_footer":false,"footnotes":""},"class_list":["post-42","page","type-page","status-publish","hentry"],"_links":{"self":[{"href":"https:\/\/mglift.pl\/index.php\/wp-json\/wp\/v2\/pages\/42","targetHints":{"allow":["GET"]}}],"collection":[{"href":"https:\/\/mglift.pl\/index.php\/wp-json\/wp\/v2\/pages"}],"about":[{"href":"https:\/\/mglift.pl\/index.php\/wp-json\/wp\/v2\/types\/page"}],"author":[{"embeddable":true,"href":"https:\/\/mglift.pl\/index.php\/wp-json\/wp\/v2\/users\/1"}],"replies":[{"embeddable":true,"href":"https:\/\/mglift.pl\/index.php\/wp-json\/wp\/v2\/comments?post=42"}],"version-history":[{"count":3,"href":"https:\/\/mglift.pl\/index.php\/wp-json\/wp\/v2\/pages\/42\/revisions"}],"predecessor-version":[{"id":74,"href":"https:\/\/mglift.pl\/index.php\/wp-json\/wp\/v2\/pages\/42\/revisions\/74"}],"wp:attachment":[{"href":"https:\/\/mglift.pl\/index.php\/wp-json\/wp\/v2\/media?parent=42"}],"curies":[{"name":"wp","href":"https:\/\/api.w.org\/{rel}","templated":true}]}}