{"id":60,"date":"2023-07-21T15:48:08","date_gmt":"2023-07-21T13:48:08","guid":{"rendered":"http:\/\/mglift.local\/?page_id=60"},"modified":"2023-12-12T00:04:14","modified_gmt":"2023-12-11T23:04:14","slug":"kontakt","status":"publish","type":"page","link":"https:\/\/mglift.pl\/index.php\/kontakt\/","title":{"rendered":"Kontakt"},"content":{"rendered":"<style>.kb-row-layout-id_4b534e-2e > .kt-row-column-wrap{align-content:start;}:where(.kb-row-layout-id_4b534e-2e > .kt-row-column-wrap) > .wp-block-kadence-column{justify-content:start;}.kb-row-layout-id_4b534e-2e > .kt-row-column-wrap{column-gap:var(--global-kb-gap-md, 2rem);row-gap:var(--global-kb-gap-md, 2rem);padding-top:var(--global-kb-spacing-4xl, 8rem);padding-bottom:var(--global-kb-spacing-4xl, 8rem);grid-template-columns:minmax(0, 1fr);}.kb-row-layout-id_4b534e-2e{background-image:url('https:\/\/mglift.pl\/wp-content\/uploads\/2023\/07\/A311C6B9-57E1-4BE7-AB31-4FB76B04C313.jpeg');background-size:cover;background-position:center center;background-attachment:scroll;background-repeat:no-repeat;}.kb-row-layout-id_4b534e-2e > .kt-row-layout-overlay{opacity:0.50;background-color:#000000;}@media all and (max-width: 1024px){.kb-row-layout-id_4b534e-2e > .kt-row-column-wrap{grid-template-columns:minmax(0, 1fr);}}@media all and (max-width: 767px){.kb-row-layout-id_4b534e-2e > .kt-row-column-wrap{grid-template-columns:minmax(0, 1fr);}}<\/style><div class=\"kb-row-layout-wrap kb-row-layout-id_4b534e-2e alignnone kt-row-has-bg wp-block-kadence-rowlayout\"><div class=\"kt-row-layout-overlay kt-row-overlay-normal\"><\/div><div class=\"kt-row-column-wrap kt-has-1-columns kt-row-layout-equal kt-tab-layout-inherit kt-mobile-layout-row kt-row-valign-top\">\n<style>.kadence-column_3d76f3-8a > .kt-inside-inner-col,.kadence-column_3d76f3-8a > .kt-inside-inner-col:before{border-top-left-radius:0px;border-top-right-radius:0px;border-bottom-right-radius:0px;border-bottom-left-radius:0px;}.kadence-column_3d76f3-8a > .kt-inside-inner-col{column-gap:var(--global-kb-gap-sm, 1rem);}.kadence-column_3d76f3-8a > .kt-inside-inner-col{flex-direction:column;}.kadence-column_3d76f3-8a > .kt-inside-inner-col > .aligncenter{width:100%;}.kadence-column_3d76f3-8a > .kt-inside-inner-col:before{opacity:0.3;}.kadence-column_3d76f3-8a{position:relative;}@media all and (max-width: 1024px){.kadence-column_3d76f3-8a > .kt-inside-inner-col{flex-direction:column;}}@media all and (max-width: 767px){.kadence-column_3d76f3-8a > .kt-inside-inner-col{flex-direction:column;}}<\/style>\n<div class=\"wp-block-kadence-column kadence-column_3d76f3-8a\"><div class=\"kt-inside-inner-col\"><style>.wp-block-kadence-advancedheading.kt-adv-heading_86f197-2a, .wp-block-kadence-advancedheading.kt-adv-heading_86f197-2a[data-kb-block=\"kb-adv-heading_86f197-2a\"]{text-align:center;font-size:var(--global-kb-font-size-xl, 3rem);font-style:normal;}.wp-block-kadence-advancedheading.kt-adv-heading_86f197-2a mark.kt-highlight, .wp-block-kadence-advancedheading.kt-adv-heading_86f197-2a[data-kb-block=\"kb-adv-heading_86f197-2a\"] mark.kt-highlight{font-style:normal;color:#f76a0c;-webkit-box-decoration-break:clone;box-decoration-break:clone;padding-top:0px;padding-right:0px;padding-bottom:0px;padding-left:0px;}<\/style>\n<h2 class=\"kt-adv-heading_86f197-2a wp-block-kadence-advancedheading has-theme-palette-9-color has-text-color\" data-kb-block=\"kb-adv-heading_86f197-2a\">KONTAKT<\/h2>\n<\/div><\/div>\n\n<\/div><\/div>\n\n<style>.kb-row-layout-id_0fa499-6b > .kt-row-column-wrap{align-content:start;}:where(.kb-row-layout-id_0fa499-6b > .kt-row-column-wrap) > .wp-block-kadence-column{justify-content:start;}.kb-row-layout-id_0fa499-6b > .kt-row-column-wrap{column-gap:var(--global-kb-gap-md, 2rem);row-gap:var(--global-kb-gap-md, 2rem);max-width:1000px;margin-left:auto;margin-right:auto;padding-top:var(--global-kb-spacing-lg, 3rem);padding-bottom:var(--global-kb-spacing-lg, 3rem);grid-template-columns:minmax(0, calc(60% - ((var(--global-kb-gap-md, 2rem) * 1 )\/2)))minmax(0, calc(40% - ((var(--global-kb-gap-md, 2rem) * 1 )\/2)));}.kb-row-layout-id_0fa499-6b > .kt-row-layout-overlay{opacity:0.30;}@media all and (max-width: 1024px){.kb-row-layout-id_0fa499-6b > .kt-row-column-wrap{grid-template-columns:repeat(2, minmax(0, 1fr));}}@media all and (max-width: 767px){.kb-row-layout-id_0fa499-6b > .kt-row-column-wrap{grid-template-columns:minmax(0, 1fr);}}<\/style><div class=\"kb-row-layout-wrap kb-row-layout-id_0fa499-6b alignnone wp-block-kadence-rowlayout\"><div class=\"kt-row-column-wrap kt-has-2-columns kt-row-layout-equal kt-tab-layout-inherit kt-mobile-layout-row kt-row-valign-top\">\n<style>.kadence-column_e87fcf-1f > .kt-inside-inner-col{padding-right:var(--global-kb-spacing-xs, 1rem);padding-left:var(--global-kb-spacing-xs, 1rem);}.kadence-column_e87fcf-1f > .kt-inside-inner-col,.kadence-column_e87fcf-1f > .kt-inside-inner-col:before{border-top-left-radius:0px;border-top-right-radius:0px;border-bottom-right-radius:0px;border-bottom-left-radius:0px;}.kadence-column_e87fcf-1f > .kt-inside-inner-col{column-gap:var(--global-kb-gap-sm, 1rem);}.kadence-column_e87fcf-1f > .kt-inside-inner-col{flex-direction:column;}.kadence-column_e87fcf-1f > .kt-inside-inner-col > .aligncenter{width:100%;}.kadence-column_e87fcf-1f > .kt-inside-inner-col:before{opacity:0.3;}.kadence-column_e87fcf-1f{position:relative;}@media all and (max-width: 1024px){.kadence-column_e87fcf-1f > .kt-inside-inner-col{flex-direction:column;}}@media all and (max-width: 767px){.kadence-column_e87fcf-1f > .kt-inside-inner-col{flex-direction:column;}}<\/style>\n<div class=\"wp-block-kadence-column kadence-column_e87fcf-1f\"><div class=\"kt-inside-inner-col\"><style>.wp-block-kadence-advancedheading.kt-adv-heading_613585-0d, .wp-block-kadence-advancedheading.kt-adv-heading_613585-0d[data-kb-block=\"kb-adv-heading_613585-0d\"]{font-size:22px;font-weight:600;font-style:normal;font-family:Poppins;}.wp-block-kadence-advancedheading.kt-adv-heading_613585-0d mark.kt-highlight, .wp-block-kadence-advancedheading.kt-adv-heading_613585-0d[data-kb-block=\"kb-adv-heading_613585-0d\"] mark.kt-highlight{font-style:normal;color:#f76a0c;-webkit-box-decoration-break:clone;box-decoration-break:clone;padding-top:0px;padding-right:0px;padding-bottom:0px;padding-left:0px;}<\/style>\n<h2 class=\"kt-adv-heading_613585-0d wp-block-kadence-advancedheading\" data-kb-block=\"kb-adv-heading_613585-0d\">Kontakt<\/h2>\n\n\n<style>.wp-block-kadence-advancedheading.kt-adv-heading_22b688-01, .wp-block-kadence-advancedheading.kt-adv-heading_22b688-01[data-kb-block=\"kb-adv-heading_22b688-01\"]{font-size:18px;font-weight:400;font-style:normal;font-family:Poppins;}.wp-block-kadence-advancedheading.kt-adv-heading_22b688-01 mark.kt-highlight, .wp-block-kadence-advancedheading.kt-adv-heading_22b688-01[data-kb-block=\"kb-adv-heading_22b688-01\"] mark.kt-highlight{font-style:normal;color:#f76a0c;-webkit-box-decoration-break:clone;box-decoration-break:clone;padding-top:0px;padding-right:0px;padding-bottom:0px;padding-left:0px;}<\/style>\n<h4 class=\"kt-adv-heading_22b688-01 wp-block-kadence-advancedheading\" data-kb-block=\"kb-adv-heading_22b688-01\">Napisz do nas lub zadzwo\u0144<\/h4>\n\n\n<style>.wp-block-kadence-advancedheading.kt-adv-heading_4b8e42-58, .wp-block-kadence-advancedheading.kt-adv-heading_4b8e42-58[data-kb-block=\"kb-adv-heading_4b8e42-58\"]{font-size:18px;font-weight:400;font-style:normal;font-family:Poppins;}.wp-block-kadence-advancedheading.kt-adv-heading_4b8e42-58 mark.kt-highlight, .wp-block-kadence-advancedheading.kt-adv-heading_4b8e42-58[data-kb-block=\"kb-adv-heading_4b8e42-58\"] mark.kt-highlight{font-style:normal;color:#f76a0c;-webkit-box-decoration-break:clone;box-decoration-break:clone;padding-top:0px;padding-right:0px;padding-bottom:0px;padding-left:0px;}<\/style>\n<h3 class=\"kt-adv-heading_4b8e42-58 wp-block-kadence-advancedheading\" data-kb-block=\"kb-adv-heading_4b8e42-58\">+48 729 886 020<\/h3>\n\n\n<style>.wp-block-kadence-advancedheading.kt-adv-heading_3b8ad2-bb, .wp-block-kadence-advancedheading.kt-adv-heading_3b8ad2-bb[data-kb-block=\"kb-adv-heading_3b8ad2-bb\"]{font-size:18px;font-weight:400;font-style:normal;font-family:Poppins;}.wp-block-kadence-advancedheading.kt-adv-heading_3b8ad2-bb mark.kt-highlight, .wp-block-kadence-advancedheading.kt-adv-heading_3b8ad2-bb[data-kb-block=\"kb-adv-heading_3b8ad2-bb\"] mark.kt-highlight{font-style:normal;color:#f76a0c;-webkit-box-decoration-break:clone;box-decoration-break:clone;padding-top:0px;padding-right:0px;padding-bottom:0px;padding-left:0px;}<\/style>\n<h3 class=\"kt-adv-heading_3b8ad2-bb wp-block-kadence-advancedheading\" data-kb-block=\"kb-adv-heading_3b8ad2-bb\">+48 601 999 931<\/h3>\n\n\n<style>.kb-row-layout-id_6b36da-2e > .kt-row-column-wrap{align-content:start;}:where(.kb-row-layout-id_6b36da-2e > .kt-row-column-wrap) > .wp-block-kadence-column{justify-content:start;}.kb-row-layout-id_6b36da-2e > .kt-row-column-wrap{column-gap:var(--global-kb-gap-sm, 1rem);row-gap:var(--global-kb-gap-md, 2rem);padding-top:var(--global-kb-spacing-sm, 1.5rem);padding-bottom:var(--global-kb-spacing-sm, 1.5rem);grid-template-columns:repeat(2, minmax(0, 1fr));}.kb-row-layout-id_6b36da-2e > .kt-row-layout-overlay{opacity:0.30;}@media all and (max-width: 1024px){.kb-row-layout-id_6b36da-2e > .kt-row-column-wrap{grid-template-columns:repeat(2, minmax(0, 1fr));}}@media all and (max-width: 767px){.kb-row-layout-id_6b36da-2e > .kt-row-column-wrap{grid-template-columns:minmax(0, 1fr);}}<\/style><div class=\"kb-row-layout-wrap kb-row-layout-id_6b36da-2e alignnone wp-block-kadence-rowlayout\"><div class=\"kt-row-column-wrap kt-has-2-columns kt-row-layout-equal kt-tab-layout-inherit kt-mobile-layout-row kt-row-valign-top\">\n<style>.kadence-column_74783d-95 > .kt-inside-inner-col,.kadence-column_74783d-95 > .kt-inside-inner-col:before{border-top-left-radius:0px;border-top-right-radius:0px;border-bottom-right-radius:0px;border-bottom-left-radius:0px;}.kadence-column_74783d-95 > .kt-inside-inner-col{column-gap:var(--global-kb-gap-sm, 1rem);}.kadence-column_74783d-95 > .kt-inside-inner-col{flex-direction:column;}.kadence-column_74783d-95 > .kt-inside-inner-col > .aligncenter{width:100%;}.kadence-column_74783d-95 > .kt-inside-inner-col:before{opacity:0.3;}.kadence-column_74783d-95{position:relative;}@media all and (max-width: 1024px){.kadence-column_74783d-95 > .kt-inside-inner-col{flex-direction:column;}}@media all and (max-width: 767px){.kadence-column_74783d-95 > .kt-inside-inner-col{flex-direction:column;}}<\/style>\n<div class=\"wp-block-kadence-column kadence-column_74783d-95\"><div class=\"kt-inside-inner-col\"><style>.wp-block-kadence-advancedheading.kt-adv-heading_812ae1-69, .wp-block-kadence-advancedheading.kt-adv-heading_812ae1-69[data-kb-block=\"kb-adv-heading_812ae1-69\"]{font-size:22px;font-weight:600;font-style:normal;font-family:Poppins;}.wp-block-kadence-advancedheading.kt-adv-heading_812ae1-69[data-kb-block=\"kb-adv-heading_812ae1-69\"]{display:flex;gap:0.25em;align-items:center;}.wp-block-kadence-advancedheading.kt-adv-heading_812ae1-69[data-kb-block=\"kb-adv-heading_812ae1-69\"] .kb-adv-heading-icon svg{width:1em;height:1em;}.wp-block-kadence-advancedheading.kt-adv-heading_812ae1-69 mark.kt-highlight, .wp-block-kadence-advancedheading.kt-adv-heading_812ae1-69[data-kb-block=\"kb-adv-heading_812ae1-69\"] mark.kt-highlight{font-style:normal;color:#f76a0c;-webkit-box-decoration-break:clone;box-decoration-break:clone;padding-top:0px;padding-right:0px;padding-bottom:0px;padding-left:0px;}<\/style><h2 class=\"kt-adv-heading_812ae1-69 wp-block-kadence-advancedheading kt-adv-heading-has-icon\" data-kb-block=\"kb-adv-heading_812ae1-69\"><span class=\"kb-svg-icon-wrap kb-adv-heading-icon kb-svg-icon-fas_map-marker-alt kb-adv-heading-icon-side-left\"><svg viewBox=\"0 0 384 512\"  fill=\"currentColor\" xmlns=\"http:\/\/www.w3.org\/2000\/svg\"  aria-hidden=\"true\"><path d=\"M172.268 501.67C26.97 291.031 0 269.413 0 192 0 85.961 85.961 0 192 0s192 85.961 192 192c0 77.413-26.97 99.031-172.268 309.67-9.535 13.774-29.93 13.773-39.464 0zM192 272c44.183 0 80-35.817 80-80s-35.817-80-80-80-80 35.817-80 80 35.817 80 80 80z\"\/><\/svg><\/span><span class=\"kb-adv-text-inner\">Adres<\/span><\/h2>\n\n<style>.wp-block-kadence-advancedheading.kt-adv-heading_209c9a-35, .wp-block-kadence-advancedheading.kt-adv-heading_209c9a-35[data-kb-block=\"kb-adv-heading_209c9a-35\"]{font-size:18px;font-weight:400;font-style:normal;font-family:Poppins;}.wp-block-kadence-advancedheading.kt-adv-heading_209c9a-35 mark.kt-highlight, .wp-block-kadence-advancedheading.kt-adv-heading_209c9a-35[data-kb-block=\"kb-adv-heading_209c9a-35\"] mark.kt-highlight{font-style:normal;color:#f76a0c;-webkit-box-decoration-break:clone;box-decoration-break:clone;padding-top:0px;padding-right:0px;padding-bottom:0px;padding-left:0px;}<\/style>\n<h3 class=\"kt-adv-heading_209c9a-35 wp-block-kadence-advancedheading\" data-kb-block=\"kb-adv-heading_209c9a-35\">Wi\u015bniowa 551<br>32-412 Wi\u015bniowa<br>Ma\u0142opolska<\/h3>\n<\/div><\/div>\n\n\n<style>.kadence-column_644093-82 > .kt-inside-inner-col,.kadence-column_644093-82 > .kt-inside-inner-col:before{border-top-left-radius:0px;border-top-right-radius:0px;border-bottom-right-radius:0px;border-bottom-left-radius:0px;}.kadence-column_644093-82 > .kt-inside-inner-col{column-gap:var(--global-kb-gap-sm, 1rem);}.kadence-column_644093-82 > .kt-inside-inner-col{flex-direction:column;}.kadence-column_644093-82 > .kt-inside-inner-col > .aligncenter{width:100%;}.kadence-column_644093-82 > .kt-inside-inner-col:before{opacity:0.3;}.kadence-column_644093-82{position:relative;}@media all and (max-width: 1024px){.kadence-column_644093-82 > .kt-inside-inner-col{flex-direction:column;}}@media all and (max-width: 767px){.kadence-column_644093-82 > .kt-inside-inner-col{flex-direction:column;}}<\/style>\n<div class=\"wp-block-kadence-column kadence-column_644093-82\"><div class=\"kt-inside-inner-col\"><style>.wp-block-kadence-advancedheading.kt-adv-heading_3182bc-53, .wp-block-kadence-advancedheading.kt-adv-heading_3182bc-53[data-kb-block=\"kb-adv-heading_3182bc-53\"]{font-size:22px;font-weight:600;font-style:normal;font-family:Poppins;}.wp-block-kadence-advancedheading.kt-adv-heading_3182bc-53[data-kb-block=\"kb-adv-heading_3182bc-53\"]{display:flex;gap:0.25em;align-items:center;}.wp-block-kadence-advancedheading.kt-adv-heading_3182bc-53[data-kb-block=\"kb-adv-heading_3182bc-53\"] .kb-adv-heading-icon svg{width:1em;height:1em;}.wp-block-kadence-advancedheading.kt-adv-heading_3182bc-53 mark.kt-highlight, .wp-block-kadence-advancedheading.kt-adv-heading_3182bc-53[data-kb-block=\"kb-adv-heading_3182bc-53\"] mark.kt-highlight{font-style:normal;color:#f76a0c;-webkit-box-decoration-break:clone;box-decoration-break:clone;padding-top:0px;padding-right:0px;padding-bottom:0px;padding-left:0px;}<\/style><h2 class=\"kt-adv-heading_3182bc-53 wp-block-kadence-advancedheading kt-adv-heading-has-icon\" data-kb-block=\"kb-adv-heading_3182bc-53\"><span class=\"kb-svg-icon-wrap kb-adv-heading-icon kb-svg-icon-ic_open kb-adv-heading-icon-side-left\"><svg viewBox=\"0 0 8 8\"  fill=\"currentColor\" xmlns=\"http:\/\/www.w3.org\/2000\/svg\"  aria-hidden=\"true\"><path d=\"M4 0l-4 2v6h8v-6l-4-2zm0 1.13l3 1.5v1.88l-3 1.5-3-1.5v-1.88l3-1.5zm-2 1.88v1l2 1 2-1v-1h-4z\"\/><\/svg><\/span><span class=\"kb-adv-text-inner\">Adres email<\/span><\/h2>\n\n<style>.wp-block-kadence-advancedheading.kt-adv-heading_cccad6-f0, .wp-block-kadence-advancedheading.kt-adv-heading_cccad6-f0[data-kb-block=\"kb-adv-heading_cccad6-f0\"]{font-size:18px;font-weight:400;font-style:normal;font-family:Poppins;}.wp-block-kadence-advancedheading.kt-adv-heading_cccad6-f0 mark.kt-highlight, .wp-block-kadence-advancedheading.kt-adv-heading_cccad6-f0[data-kb-block=\"kb-adv-heading_cccad6-f0\"] mark.kt-highlight{font-style:normal;color:#f76a0c;-webkit-box-decoration-break:clone;box-decoration-break:clone;padding-top:0px;padding-right:0px;padding-bottom:0px;padding-left:0px;}<\/style>\n<h3 class=\"kt-adv-heading_cccad6-f0 wp-block-kadence-advancedheading\" data-kb-block=\"kb-adv-heading_cccad6-f0\">kontakt.mglift@gmail.com<\/h3>\n<\/div><\/div>\n\n<\/div><\/div>\n\n<style>.wp-block-kadence-advancedheading.kt-adv-heading_619ff9-64, .wp-block-kadence-advancedheading.kt-adv-heading_619ff9-64[data-kb-block=\"kb-adv-heading_619ff9-64\"]{font-size:22px;font-weight:600;font-style:normal;font-family:Poppins;}.wp-block-kadence-advancedheading.kt-adv-heading_619ff9-64 mark.kt-highlight, .wp-block-kadence-advancedheading.kt-adv-heading_619ff9-64[data-kb-block=\"kb-adv-heading_619ff9-64\"] mark.kt-highlight{font-style:normal;color:#f76a0c;-webkit-box-decoration-break:clone;box-decoration-break:clone;padding-top:0px;padding-right:0px;padding-bottom:0px;padding-left:0px;}<\/style>\n<h2 class=\"kt-adv-heading_619ff9-64 wp-block-kadence-advancedheading\" data-kb-block=\"kb-adv-heading_619ff9-64\">Pozosta\u0142e dane<\/h2>\n\n\n<style>.wp-block-kadence-advancedheading.kt-adv-heading_03d48f-31, .wp-block-kadence-advancedheading.kt-adv-heading_03d48f-31[data-kb-block=\"kb-adv-heading_03d48f-31\"]{font-size:18px;font-weight:400;font-style:normal;font-family:Poppins;}.wp-block-kadence-advancedheading.kt-adv-heading_03d48f-31 mark.kt-highlight, .wp-block-kadence-advancedheading.kt-adv-heading_03d48f-31[data-kb-block=\"kb-adv-heading_03d48f-31\"] mark.kt-highlight{font-style:normal;color:#f76a0c;-webkit-box-decoration-break:clone;box-decoration-break:clone;padding-top:0px;padding-right:0px;padding-bottom:0px;padding-left:0px;}<\/style>\n<h3 class=\"kt-adv-heading_03d48f-31 wp-block-kadence-advancedheading\" data-kb-block=\"kb-adv-heading_03d48f-31\">NIP: 6811770485<\/h3>\n<\/div><\/div>\n\n\n<style>.kadence-column_0f16b8-fc > .kt-inside-inner-col,.kadence-column_0f16b8-fc > .kt-inside-inner-col:before{border-top-left-radius:0px;border-top-right-radius:0px;border-bottom-right-radius:0px;border-bottom-left-radius:0px;}.kadence-column_0f16b8-fc > .kt-inside-inner-col{column-gap:var(--global-kb-gap-sm, 1rem);}.kadence-column_0f16b8-fc > .kt-inside-inner-col{flex-direction:column;}.kadence-column_0f16b8-fc > .kt-inside-inner-col > .aligncenter{width:100%;}.kadence-column_0f16b8-fc > .kt-inside-inner-col:before{opacity:0.3;}.kadence-column_0f16b8-fc{position:relative;}@media all and (max-width: 1024px){.kadence-column_0f16b8-fc > .kt-inside-inner-col{flex-direction:column;}}@media all and (max-width: 767px){.kadence-column_0f16b8-fc > .kt-inside-inner-col{flex-direction:column;}}<\/style>\n<div class=\"wp-block-kadence-column kadence-column_0f16b8-fc\"><div class=\"kt-inside-inner-col\">\n<iframe src=\"https:\/\/www.google.com\/maps\/embed?pb=!1m18!1m12!1m3!1d20612.603538395753!2d20.09425555930644!3d49.775242671702!2m3!1f0!2f0!3f0!3m2!1i1024!2i768!4f13.1!3m3!1m2!1s0x471613ded7fe421f%3A0x5e989826b67f4d0a!2sMG%20Lift%20Mini%20%C5%BBuraw!5e0!3m2!1spl!2spl!4v1690316819730!5m2!1spl!2spl\" width=\"600\" height=\"450\" style=\"border:0;\" allowfullscreen=\"\" loading=\"lazy\" referrerpolicy=\"no-referrer-when-downgrade\"><\/iframe>\n<\/div><\/div>\n\n<\/div><\/div>","protected":false},"excerpt":{"rendered":"<p>KONTAKT Kontakt Napisz do nas lub zadzwo\u0144 +48 729 886 020 +48 601 999 931 Adres Wi\u015bniowa 55132-412 Wi\u015bniowaMa\u0142opolska Adres email kontakt.mglift@gmail.com Pozosta\u0142e dane NIP: 6811770485<\/p>\n","protected":false},"author":1,"featured_media":0,"parent":0,"menu_order":0,"comment_status":"closed","ping_status":"closed","template":"","meta":{"_kad_post_transparent":"","_kad_post_title":"","_kad_post_layout":"","_kad_post_sidebar_id":"","_kad_post_content_style":"","_kad_post_vertical_padding":"","_kad_post_feature":"","_kad_post_feature_position":"","_kad_post_header":false,"_kad_post_footer":false,"footnotes":""},"class_list":["post-60","page","type-page","status-publish","hentry"],"_links":{"self":[{"href":"https:\/\/mglift.pl\/index.php\/wp-json\/wp\/v2\/pages\/60","targetHints":{"allow":["GET"]}}],"collection":[{"href":"https:\/\/mglift.pl\/index.php\/wp-json\/wp\/v2\/pages"}],"about":[{"href":"https:\/\/mglift.pl\/index.php\/wp-json\/wp\/v2\/types\/page"}],"author":[{"embeddable":true,"href":"https:\/\/mglift.pl\/index.php\/wp-json\/wp\/v2\/users\/1"}],"replies":[{"embeddable":true,"href":"https:\/\/mglift.pl\/index.php\/wp-json\/wp\/v2\/comments?post=60"}],"version-history":[{"count":13,"href":"https:\/\/mglift.pl\/index.php\/wp-json\/wp\/v2\/pages\/60\/revisions"}],"predecessor-version":[{"id":263,"href":"https:\/\/mglift.pl\/index.php\/wp-json\/wp\/v2\/pages\/60\/revisions\/263"}],"wp:attachment":[{"href":"https:\/\/mglift.pl\/index.php\/wp-json\/wp\/v2\/media?parent=60"}],"curies":[{"name":"wp","href":"https:\/\/api.w.org\/{rel}","templated":true}]}}